{"id":171,"date":"2021-03-06T19:10:07","date_gmt":"2021-03-06T22:10:07","guid":{"rendered":"http:\/\/sites.teratec.com.br\/cmparaty\/institucional\/v1\/?page_id=171"},"modified":"2021-03-06T19:10:07","modified_gmt":"2021-03-06T22:10:07","slug":"sic","status":"publish","type":"page","link":"https:\/\/paraty.rj.leg.br\/site\/acesso-a-informacao\/sic\/","title":{"rendered":"Servi\u00e7o de Informa\u00e7\u00e3o ao Cidad\u00e3o"},"content":{"rendered":"","protected":false},"excerpt":{"rendered":"","protected":false},"author":1,"featured_media":0,"parent":168,"menu_order":0,"comment_status":"closed","ping_status":"closed","template":"","meta":{"_monsterinsights_skip_tracking":false,"_monsterinsights_sitenote_active":false,"_monsterinsights_sitenote_note":"","_monsterinsights_sitenote_category":0,"footnotes":""},"class_list":["post-171","page","type-page","status-publish","hentry"],"_links":{"self":[{"href":"https:\/\/paraty.rj.leg.br\/site\/wp-json\/wp\/v2\/pages\/171","targetHints":{"allow":["GET"]}}],"collection":[{"href":"https:\/\/paraty.rj.leg.br\/site\/wp-json\/wp\/v2\/pages"}],"about":[{"href":"https:\/\/paraty.rj.leg.br\/site\/wp-json\/wp\/v2\/types\/page"}],"author":[{"embeddable":true,"href":"https:\/\/paraty.rj.leg.br\/site\/wp-json\/wp\/v2\/users\/1"}],"replies":[{"embeddable":true,"href":"https:\/\/paraty.rj.leg.br\/site\/wp-json\/wp\/v2\/comments?post=171"}],"version-history":[{"count":0,"href":"https:\/\/paraty.rj.leg.br\/site\/wp-json\/wp\/v2\/pages\/171\/revisions"}],"up":[{"embeddable":true,"href":"https:\/\/paraty.rj.leg.br\/site\/wp-json\/wp\/v2\/pages\/168"}],"wp:attachment":[{"href":"https:\/\/paraty.rj.leg.br\/site\/wp-json\/wp\/v2\/media?parent=171"}],"curies":[{"name":"wp","href":"https:\/\/api.w.org\/{rel}","templated":true}]}}