{"id":3,"date":"2021-03-07T10:59:10","date_gmt":"2021-03-07T13:59:10","guid":{"rendered":"https:\/\/paraty.rj.leg.br\/site\/?page_id=3"},"modified":"2025-07-28T07:15:06","modified_gmt":"2025-07-28T10:15:06","slug":"politica-de-privacidade","status":"publish","type":"page","link":"https:\/\/paraty.rj.leg.br\/site\/politica-de-privacidade\/","title":{"rendered":"Pol\u00edtica de privacidade"},"content":{"rendered":"\t\t<div data-elementor-type=\"wp-page\" data-elementor-id=\"3\" class=\"elementor elementor-3\" data-elementor-post-type=\"page\">\n\t\t\t\t<div class=\"elementor-element elementor-element-ed727b7 e-flex e-con-boxed e-con e-parent\" data-id=\"ed727b7\" data-element_type=\"container\" data-e-type=\"container\">\n\t\t\t\t\t<div class=\"e-con-inner\">\n\t\t<div class=\"elementor-element elementor-element-0dcefb5 e-con-full e-flex e-con e-child\" data-id=\"0dcefb5\" data-element_type=\"container\" data-e-type=\"container\">\n\t\t<div class=\"elementor-element elementor-element-6c41f45 e-con-full e-flex e-con e-child\" data-id=\"6c41f45\" data-element_type=\"container\" data-e-type=\"container\">\n\t\t\t\t<div class=\"elementor-element elementor-element-a024498 elementor-widget__width-initial elementor-widget elementor-widget-button\" data-id=\"a024498\" data-element_type=\"widget\" data-e-type=\"widget\" data-widget_type=\"button.default\">\n\t\t\t\t<div class=\"elementor-widget-container\">\n\t\t\t\t\t\t\t\t\t<div class=\"elementor-button-wrapper\">\n\t\t\t\t\t<a class=\"elementor-button elementor-button-link elementor-size-sm\" href=\"https:\/\/radardatransparencia.com\/\">\n\t\t\t\t\t\t<span class=\"elementor-button-content-wrapper\">\n\t\t\t\t\t\t<span class=\"elementor-button-icon\">\n\t\t\t\t<i aria-hidden=\"true\" class=\"far fa-window-maximize\"><\/i>\t\t\t<\/span>\n\t\t\t\t\t\t\t\t\t<span class=\"elementor-button-text\"> Radar da Transpar\u00eancia<\/span>\n\t\t\t\t\t<\/span>\n\t\t\t\t\t<\/a>\n\t\t\t\t<\/div>\n\t\t\t\t\t\t\t\t<\/div>\n\t\t\t\t<\/div>\n\t\t\t\t<div class=\"elementor-element elementor-element-ea080c4 elementor-widget elementor-widget-button\" data-id=\"ea080c4\" data-element_type=\"widget\" data-e-type=\"widget\" data-widget_type=\"button.default\">\n\t\t\t\t<div class=\"elementor-widget-container\">\n\t\t\t\t\t\t\t\t\t<div class=\"elementor-button-wrapper\">\n\t\t\t\t\t<a class=\"elementor-button elementor-button-link elementor-size-sm\" href=\"https:\/\/portaldatransparencia.gov.br\/\">\n\t\t\t\t\t\t<span class=\"elementor-button-content-wrapper\">\n\t\t\t\t\t\t<span class=\"elementor-button-icon\">\n\t\t\t\t<i aria-hidden=\"true\" class=\"far fa-comment-alt\"><\/i>\t\t\t<\/span>\n\t\t\t\t\t\t\t\t\t<span class=\"elementor-button-text\">portal da  Transpar\u00eancia<\/span>\n\t\t\t\t\t<\/span>\n\t\t\t\t\t<\/a>\n\t\t\t\t<\/div>\n\t\t\t\t\t\t\t\t<\/div>\n\t\t\t\t<\/div>\n\t\t\t\t<div class=\"elementor-element elementor-element-73bdf87 elementor-widget elementor-widget-button\" data-id=\"73bdf87\" data-element_type=\"widget\" data-e-type=\"widget\" data-widget_type=\"button.default\">\n\t\t\t\t<div class=\"elementor-widget-container\">\n\t\t\t\t\t\t\t\t\t<div class=\"elementor-button-wrapper\">\n\t\t\t\t\t<a class=\"elementor-button elementor-button-link elementor-size-sm\" href=\"https:\/\/falabr.cgu.gov.br\/web\/home\">\n\t\t\t\t\t\t<span class=\"elementor-button-content-wrapper\">\n\t\t\t\t\t\t<span class=\"elementor-button-icon\">\n\t\t\t\t<i aria-hidden=\"true\" class=\"fas fa-phone-alt\"><\/i>\t\t\t<\/span>\n\t\t\t\t\t\t\t\t\t<span class=\"elementor-button-text\">Ouvidoria<\/span>\n\t\t\t\t\t<\/span>\n\t\t\t\t\t<\/a>\n\t\t\t\t<\/div>\n\t\t\t\t\t\t\t\t<\/div>\n\t\t\t\t<\/div>\n\t\t\t\t<\/div>\n\t\t\t\t<\/div>\n\t\t\t\t\t<\/div>\n\t\t\t\t<\/div>\n\t\t<div class=\"elementor-element elementor-element-256b0ea e-flex e-con-boxed e-con e-parent\" data-id=\"256b0ea\" data-element_type=\"container\" data-e-type=\"container\">\n\t\t\t\t\t<div class=\"e-con-inner\">\n\t\t<div class=\"elementor-element elementor-element-98166e6 e-con-full e-flex e-con e-child\" data-id=\"98166e6\" data-element_type=\"container\" data-e-type=\"container\" data-settings=\"{&quot;background_background&quot;:&quot;classic&quot;}\">\n\t\t\t\t<div class=\"elementor-element elementor-element-105ce87 elementor-widget elementor-widget-text-editor\" data-id=\"105ce87\" data-element_type=\"widget\" data-e-type=\"widget\" data-widget_type=\"text-editor.default\">\n\t\t\t\t<div class=\"elementor-widget-container\">\n\t\t\t\t\t\t\t\t\t<p aria-level=\"3\"><b><span data-contrast=\"auto\">Termos de Uso e Pol\u00edtica de Privacidade do Portal da C\u00e2mara de Paraty<\/span><\/b><span data-ccp-props=\"{&quot;134233117&quot;:true,&quot;134233118&quot;:true,&quot;201341983&quot;:0,&quot;335559740&quot;:360}\">\u00a0<\/span><\/p><p aria-level=\"3\"><b><span data-contrast=\"auto\">INFORMA\u00c7\u00d5ES GERAIS\u00a0<\/span><\/b><span data-ccp-props=\"{&quot;134233117&quot;:false,&quot;134233118&quot;:false,&quot;201341983&quot;:0,&quot;335551550&quot;:6,&quot;335551620&quot;:6,&quot;335557856&quot;:16777215,&quot;335559738&quot;:300,&quot;335559739&quot;:150,&quot;335559740&quot;:360}\">\u00a0<\/span><\/p><p><span data-contrast=\"auto\">Este \u201cTermo de Uso e Pol\u00edtica de Privacidade\u201d foi desenvolvido pela C\u00e2mara Municipal de Paraty para descrever as pr\u00e1ticas de privacidade pertinente \u00e0s informa\u00e7\u00f5es pessoais fornecidas e\/ou coletas, sempre baseadas nos compromissos com a transpar\u00eancia, confidencialidade, seguran\u00e7a e respeito desta Casa, como forma de demonstrar o armazenamento, uso e prote\u00e7\u00e3o dos dados compartilhados.<\/span><span data-ccp-props=\"{&quot;134233117&quot;:false,&quot;134233118&quot;:false,&quot;201341983&quot;:0,&quot;335551550&quot;:6,&quot;335551620&quot;:6,&quot;335557856&quot;:16777215,&quot;335559738&quot;:0,&quot;335559739&quot;:150,&quot;335559740&quot;:360}\">\u00a0<\/span><\/p><p><span data-contrast=\"auto\">O website da C\u00e2mara Municipal de Paraty foi desenvolvido como meio de comunica\u00e7\u00e3o institucional, com objetivo de propagar a gest\u00e3o transparente e garantir o acesso \u00e0s informa\u00e7\u00f5es, com privacidade, credibilidade e seguran\u00e7a, al\u00e9m de servir como meio de intera\u00e7\u00e3o entre os diversos setores da Administra\u00e7\u00e3o P\u00fablica, com divulga\u00e7\u00e3o de informa\u00e7\u00f5es de interesse p\u00fablico, atrav\u00e9s de f\u00e1cil acesso pela internet. Atrav\u00e9s do website e das respectivas redes sociais desta C\u00e2mara Municipal de Paraty \u00e9 poss\u00edvel acompanhar o trabalho dos vereadores, suas comiss\u00f5es, acompanhar ao vivo sess\u00f5es plen\u00e1rias\u202fe ter acesso a diversas informa\u00e7\u00f5es institucionais e de funcionamento deste PODER LEGISLATIVO MUNICIPAL.<\/span><span data-ccp-props=\"{&quot;134233117&quot;:false,&quot;134233118&quot;:false,&quot;201341983&quot;:0,&quot;335551550&quot;:6,&quot;335551620&quot;:6,&quot;335557856&quot;:16777215,&quot;335559738&quot;:0,&quot;335559739&quot;:150,&quot;335559740&quot;:360}\">\u00a0<\/span><\/p><p><span data-contrast=\"auto\">Este \u201cTermo de Uso e Pol\u00edtica de Privacidade\u201d est\u00e1 de acordo com a Lei Federal n. 12.965 de 23 de abril de 2014 (Marco Civil da Internet), com a Lei Federal n. 13.709, de 14 de agosto de 2018 (Lei de Prote\u00e7\u00e3o de Dados Pessoais) e com a Resolu\u00e7\u00e3o n\u00ba 415\/2024 da C\u00e2mara Municipal de Paraty.<\/span><span data-ccp-props=\"{&quot;134233117&quot;:false,&quot;134233118&quot;:false,&quot;201341983&quot;:0,&quot;335551550&quot;:6,&quot;335551620&quot;:6,&quot;335557856&quot;:16777215,&quot;335559738&quot;:0,&quot;335559739&quot;:150,&quot;335559740&quot;:360}\">\u00a0<\/span><\/p><p><b><span data-contrast=\"auto\">Lei Geral de Prote\u00e7\u00e3o de Dados Pessoais\u00a0<\/span><\/b><span data-ccp-props=\"{&quot;134233117&quot;:false,&quot;134233118&quot;:false,&quot;201341983&quot;:0,&quot;335551550&quot;:6,&quot;335551620&quot;:6,&quot;335557856&quot;:16777215,&quot;335559738&quot;:0,&quot;335559739&quot;:150,&quot;335559740&quot;:360}\">\u00a0<\/span><\/p><p><span data-contrast=\"auto\">A Lei n\u00ba 13.709, de 14 de agosto de 2018 tem como objetivo regulamentar o tratamento dos dados pessoais, inclusive por meios digitais por pessoa natural ou por pessoa jur\u00eddica de direito p\u00fablico ou privado, visando proteger os direitos fundamentais de liberdade e de privacidade e o livre desenvolvimento da personalidade da pessoa natural.<\/span><span data-ccp-props=\"{&quot;134233117&quot;:false,&quot;134233118&quot;:false,&quot;201341983&quot;:0,&quot;335551550&quot;:6,&quot;335551620&quot;:6,&quot;335557856&quot;:16777215,&quot;335559738&quot;:0,&quot;335559739&quot;:150,&quot;335559740&quot;:360}\">\u00a0<\/span><\/p><p><span data-contrast=\"auto\">Confira o texto completo: <\/span><a href=\"http:\/\/www.planalto.gov.br\/ccivil_03\/_ato2015-2018\/2018\/lei\/l13709.htm\"><span data-contrast=\"auto\">Lei Geral de Prote\u00e7\u00e3o de Dados\u202f<\/span><\/a><span data-ccp-props=\"{&quot;134233117&quot;:false,&quot;134233118&quot;:false,&quot;201341983&quot;:0,&quot;335551550&quot;:6,&quot;335551620&quot;:6,&quot;335557856&quot;:16777215,&quot;335559738&quot;:0,&quot;335559739&quot;:150,&quot;335559740&quot;:360}\">\u00a0<\/span><\/p><p aria-level=\"3\"><b><span data-contrast=\"auto\">Agentes Respons\u00e1veis pelo Tratamento de Dados na C\u00e2mara Municipal de Paraty<\/span><\/b><span data-ccp-props=\"{&quot;134233117&quot;:false,&quot;134233118&quot;:false,&quot;201341983&quot;:0,&quot;335551550&quot;:6,&quot;335551620&quot;:6,&quot;335557856&quot;:16777215,&quot;335559738&quot;:300,&quot;335559739&quot;:150,&quot;335559740&quot;:360}\">\u00a0<\/span><\/p><p aria-level=\"3\"><b><span data-contrast=\"auto\">A LGPD traz figuras importantes no processo de tratamento de dados, sendo ( LGPD, art. 5\u00ba, VI, VII e VIII):<\/span><\/b><span data-ccp-props=\"{&quot;134233117&quot;:false,&quot;134233118&quot;:false,&quot;201341983&quot;:0,&quot;335551550&quot;:6,&quot;335551620&quot;:6,&quot;335557856&quot;:16777215,&quot;335559738&quot;:300,&quot;335559739&quot;:150,&quot;335559740&quot;:360}\">\u00a0<\/span><\/p><p><b><span data-contrast=\"auto\">Controlador\u202f<\/span><\/b><span data-contrast=\"auto\">&#8211; pessoa natural ou jur\u00eddica, de direito p\u00fablico ou privado, a quem compete as decis\u00f5es referentes ao tratamento de dados pessoais; \u00e9 respons\u00e1vel pela coleta dos dados e pelas decis\u00f5es sobre o seu tratamento.\u00a0<\/span><span data-ccp-props=\"{&quot;134233117&quot;:false,&quot;134233118&quot;:false,&quot;201341983&quot;:0,&quot;335551550&quot;:6,&quot;335551620&quot;:6,&quot;335557856&quot;:16777215,&quot;335559738&quot;:0,&quot;335559739&quot;:150,&quot;335559740&quot;:360}\">\u00a0<\/span><\/p><p><b><span data-contrast=\"auto\">Operador\u202f<\/span><\/b><span data-contrast=\"auto\">&#8211; pessoa natural ou jur\u00eddica, de direito p\u00fablico ou privado, que efetivamente realiza o tratamento de dados pessoais de acordo com as orienta\u00e7\u00f5es do Controlador.\u00a0<\/span><span data-ccp-props=\"{&quot;134233117&quot;:false,&quot;134233118&quot;:false,&quot;201341983&quot;:0,&quot;335551550&quot;:6,&quot;335551620&quot;:6,&quot;335557856&quot;:16777215,&quot;335559738&quot;:0,&quot;335559739&quot;:150,&quot;335559740&quot;:360}\">\u00a0<\/span><\/p><p><b><span data-contrast=\"auto\">Encarregado:\u202f <\/span><\/b><span data-contrast=\"auto\">respons\u00e1vel para atuar como canal de comunica\u00e7\u00e3o entre o Controlador, os titulares dos dados e a Autoridade Nacional de Prote\u00e7\u00e3o de Dados \u2014 ANPD.\u00a0\u00a0<\/span><span data-ccp-props=\"{&quot;134233117&quot;:false,&quot;134233118&quot;:false,&quot;201341983&quot;:0,&quot;335551550&quot;:6,&quot;335551620&quot;:6,&quot;335557856&quot;:16777215,&quot;335559738&quot;:0,&quot;335559739&quot;:150,&quot;335559740&quot;:360}\">\u00a0<\/span><\/p><p><span data-ccp-props=\"{&quot;134233117&quot;:false,&quot;134233118&quot;:false,&quot;201341983&quot;:0,&quot;335551550&quot;:6,&quot;335551620&quot;:6,&quot;335557856&quot;:16777215,&quot;335559738&quot;:0,&quot;335559739&quot;:150,&quot;335559740&quot;:360}\">\u00a0<\/span><\/p><p><b><span data-contrast=\"auto\">TRATAMENTO E RETEN\u00c7\u00c3O DOS DADOS<\/span><\/b><span data-ccp-props=\"{&quot;134233117&quot;:false,&quot;134233118&quot;:false,&quot;201341983&quot;:0,&quot;335551550&quot;:6,&quot;335551620&quot;:6,&quot;335557856&quot;:16777215,&quot;335559738&quot;:0,&quot;335559739&quot;:150,&quot;335559740&quot;:360}\">\u00a0<\/span><\/p><p><span data-contrast=\"auto\">Os dados s\u00e3o processados de acordo com a legisla\u00e7\u00e3o e inclu\u00eddos em base de dados eletr\u00f4nicas ou f\u00edsicas, de acordo com as finalidades estabelecidas neste documento e acessados pelo m\u00ednimo de pessoas necess\u00e1rias ao tratamento, todas obrigadas aos deveres de confidencialidade e seguran\u00e7a. Basicamente, a C\u00e2mara Municipal de Paraty utiliza os seus dados para:<\/span><span data-ccp-props=\"{&quot;134233117&quot;:false,&quot;134233118&quot;:false,&quot;201341983&quot;:0,&quot;335551550&quot;:6,&quot;335551620&quot;:6,&quot;335557856&quot;:16777215,&quot;335559738&quot;:0,&quot;335559739&quot;:150,&quot;335559740&quot;:360}\">\u00a0<\/span><\/p><ul><li><b><span data-contrast=\"auto\"> Atender a finalidade para a qual o dado foi fornecido<\/span><\/b><span data-contrast=\"auto\">: N\u00f3s podemos utilizar os dados que o Usu\u00e1rio nos forneceu para cumprir a finalidade informada no momento da coleta. Por exemplo, podemos usar seus dados de identifica\u00e7\u00e3o e qualifica\u00e7\u00e3o para permitir a devida execu\u00e7\u00e3o dos Servi\u00e7os oferecidos no Site, como acesso \u00e0 \u00e1rea exclusiva para sistemas internos, identifica\u00e7\u00e3o m\u00ednima em formul\u00e1rio de solicita\u00e7\u00e3o de informa\u00e7\u00f5es;<\/span><\/li><li><b><span data-contrast=\"auto\"> Cumprir com obriga\u00e7\u00f5es legais ou regulat\u00f3rias:<\/span><\/b><span data-contrast=\"auto\">\u202fseus dados pessoais poder\u00e3o ser utilizados para o atendimento de obriga\u00e7\u00f5es dispostas em lei, regula\u00e7\u00f5es de \u00f3rg\u00e3os governamentais, autoridades fiscais, Poder Judici\u00e1rio e\/ou outra autoridade competente;<\/span><\/li><li><b><span data-contrast=\"auto\"> Permitir o exerc\u00edcio regular de nossos direitos:<\/span><\/b><span data-contrast=\"auto\">\u202fmesmo ap\u00f3s o t\u00e9rmino da nossa rela\u00e7\u00e3o com voc\u00ea, n\u00f3s poderemos tratar alguns de seus dados pessoais para exercer nossos direitos garantidos em lei, como pol\u00edticas p\u00fablicas.<\/span><\/li><\/ul><p><span data-contrast=\"auto\">O armazenamento \u00e9 feito em servidores que seguem os crit\u00e9rios internacionais de seguran\u00e7a e retidos pelo tempo necess\u00e1rio para atingir a finalidade para a qual foram coletados, inclusive para fins de cumprimento de quaisquer obriga\u00e7\u00f5es legais, contratuais, de presta\u00e7\u00e3o de contas ou requisi\u00e7\u00e3o de autoridades competentes. Posteriormente, os dados pessoais ser\u00e3o apagados, exceto se houver outras obriga\u00e7\u00f5es legais de armazenamento.<\/span><span data-ccp-props=\"{&quot;134233117&quot;:false,&quot;134233118&quot;:false,&quot;201341983&quot;:0,&quot;335551550&quot;:6,&quot;335551620&quot;:6,&quot;335557856&quot;:16777215,&quot;335559738&quot;:0,&quot;335559739&quot;:150,&quot;335559740&quot;:360}\">\u00a0<\/span><\/p><p><span data-contrast=\"auto\">\u202f<\/span><span data-ccp-props=\"{&quot;134233117&quot;:false,&quot;134233118&quot;:false,&quot;201341983&quot;:0,&quot;335551550&quot;:6,&quot;335551620&quot;:6,&quot;335557856&quot;:16777215,&quot;335559738&quot;:0,&quot;335559739&quot;:150,&quot;335559740&quot;:360}\">\u00a0<\/span><\/p><p><b><span data-contrast=\"auto\">COMPARTILHAMENTO DOS DADOS\u00a0<\/span><\/b><span data-ccp-props=\"{&quot;134233117&quot;:false,&quot;134233118&quot;:false,&quot;201341983&quot;:0,&quot;335551550&quot;:6,&quot;335551620&quot;:6,&quot;335557856&quot;:16777215,&quot;335559738&quot;:0,&quot;335559739&quot;:150,&quot;335559740&quot;:360}\">\u00a0<\/span><\/p><p><span data-contrast=\"auto\">A C\u00e2mara Municipal de Paraty n\u00e3o compartilha os dados pessoais coletados com terceiros, exceto nas seguintes circunst\u00e2ncias:<\/span><span data-ccp-props=\"{&quot;134233117&quot;:false,&quot;134233118&quot;:false,&quot;201341983&quot;:0,&quot;335557856&quot;:16777215,&quot;335559738&quot;:0,&quot;335559739&quot;:0,&quot;335559740&quot;:360}\">\u00a0<\/span><\/p><ol><li><span data-contrast=\"auto\">a) Quando necess\u00e1rio para cumprir obriga\u00e7\u00f5es legais, como solicita\u00e7\u00f5es judiciais ou regulat\u00f3rias;\u202f\u202f<\/span><\/li><li><span data-contrast=\"auto\">b) Com prestadores de servi\u00e7os terceirizados, que atuam em nome da C\u00e2mara Municipal e est\u00e3o sujeitos a obriga\u00e7\u00f5es contratuais de confidencialidade e seguran\u00e7a dos dados.<\/span><\/li><li><span data-contrast=\"auto\">c) <\/span><span data-contrast=\"auto\">Com a autoriza\u00e7\u00e3o do Usu\u00e1rio: Em outros casos n\u00e3o previstos acima, havendo o objetivo de compartilhamento dos dados pessoais e informa\u00e7\u00f5es, enviaremos ao Usu\u00e1rio uma notifica\u00e7\u00e3o com informa\u00e7\u00f5es a respeito de tal compartilhamento para solicitar o seu consentimento, para tal finalidade determinada.<\/span><\/li><\/ol><p><span data-ccp-props=\"{&quot;134233117&quot;:false,&quot;134233118&quot;:false,&quot;201341983&quot;:0,&quot;335551550&quot;:6,&quot;335551620&quot;:6,&quot;335557856&quot;:16777215,&quot;335559738&quot;:0,&quot;335559739&quot;:150,&quot;335559740&quot;:360}\">\u00a0<\/span><\/p><p><b><span data-contrast=\"auto\">POL\u00cdTICA DE COOKIES<\/span><\/b><span data-ccp-props=\"{&quot;134233117&quot;:false,&quot;134233118&quot;:false,&quot;201341983&quot;:0,&quot;335551550&quot;:6,&quot;335551620&quot;:6,&quot;335557856&quot;:16777215,&quot;335559738&quot;:0,&quot;335559739&quot;:150,&quot;335559740&quot;:360}\">\u00a0<\/span><\/p><p><span data-contrast=\"auto\">Ao visitar um site, informa\u00e7\u00f5es pessoais como nome, e-mail e interesses dos usu\u00e1rios s\u00e3o armazenadas em um cookie. Trata-se de uma pr\u00e1tica comum no \u00e2mbito da internet. Os cookies ajudam o site a se lembrar de informa\u00e7\u00f5es sobre a visita, como o seu idioma, por exemplo. Isso pode tornar a sua pr\u00f3xima visita mais f\u00e1cil e o site mais \u00fatil para o usu\u00e1rio.<\/span><span data-ccp-props=\"{&quot;134233117&quot;:false,&quot;134233118&quot;:false,&quot;201341983&quot;:0,&quot;335551550&quot;:6,&quot;335551620&quot;:6,&quot;335557856&quot;:16777215,&quot;335559738&quot;:0,&quot;335559739&quot;:150,&quot;335559740&quot;:360}\">\u00a0<\/span><\/p><p><span data-contrast=\"auto\">A C\u00e2mara Municipal de Paraty utiliza cookies ou tecnologias semelhantes para coletar informa\u00e7\u00f5es sobre o computador ou dispositivo m\u00f3vel do usu\u00e1rio, com a finalidade de garantir o funcionamento adequado do site e melhoria na experi\u00eancia de navega\u00e7\u00e3o. Os cookies servem para simplificar a an\u00e1lise do tr\u00e1fego ou indicar quando um site \u00e9 visitado, permitindo o envio de informa\u00e7\u00f5es a usu\u00e1rios, cabendo a esses fazerem a gest\u00e3o desses cookies em seus pr\u00f3prios navegadores de internet.<\/span><span data-ccp-props=\"{&quot;134233117&quot;:false,&quot;134233118&quot;:false,&quot;201341983&quot;:0,&quot;335551550&quot;:6,&quot;335551620&quot;:6,&quot;335557856&quot;:16777215,&quot;335559738&quot;:0,&quot;335559739&quot;:150,&quot;335559740&quot;:360}\">\u00a0<\/span><\/p><p><b><span data-contrast=\"auto\">Termo de Aceita\u00e7\u00e3o<\/span><\/b><span data-ccp-props=\"{&quot;134233117&quot;:false,&quot;134233118&quot;:false,&quot;201341983&quot;:0,&quot;335551550&quot;:6,&quot;335551620&quot;:6,&quot;335557856&quot;:16777215,&quot;335559738&quot;:0,&quot;335559739&quot;:150,&quot;335559740&quot;:360}\">\u00a0<\/span><\/p><p><span data-contrast=\"auto\">Ao utilizar os nossos servi\u00e7os, o usu\u00e1rio aceita e concorda com todos os termos e condi\u00e7\u00f5es expostas que se encontram vigentes na data.<\/span><span data-ccp-props=\"{&quot;134233117&quot;:false,&quot;134233118&quot;:false,&quot;201341983&quot;:0,&quot;335551550&quot;:6,&quot;335551620&quot;:6,&quot;335557856&quot;:16777215,&quot;335559738&quot;:0,&quot;335559739&quot;:150,&quot;335559740&quot;:360}\">\u00a0<\/span><\/p><p><span data-contrast=\"auto\">Alertamos que estes Termos e Condi\u00e7\u00f5es de Uso poder\u00e3o ser modificados a qualquer momento, em virtude de altera\u00e7\u00f5es na legisla\u00e7\u00e3o ou nos Servi\u00e7os, em decorr\u00eancia da utiliza\u00e7\u00e3o de novas ferramentas tecnol\u00f3gicas ou, ainda, sempre que, a exclusivo crit\u00e9rio da Institui\u00e7\u00e3o, tais altera\u00e7\u00f5es se fa\u00e7am necess\u00e1rias.<\/span>\u00a0<br \/><span data-contrast=\"auto\">A utiliza\u00e7\u00e3o dos servi\u00e7os online disponibilizados pela Institui\u00e7\u00e3o por qualquer usu\u00e1rio implicar\u00e1 em expressa aceita\u00e7\u00e3o destes Termos e Condi\u00e7\u00f5es de Uso.<\/span><span data-ccp-props=\"{&quot;134233117&quot;:false,&quot;134233118&quot;:false,&quot;201341983&quot;:0,&quot;335551550&quot;:6,&quot;335551620&quot;:6,&quot;335557856&quot;:16777215,&quot;335559738&quot;:0,&quot;335559739&quot;:150,&quot;335559740&quot;:360}\">\u00a0<\/span><\/p><p><b><span data-contrast=\"auto\">D\u00favidas sobre a Pol\u00edtica ou sobre Seus Dados Pessoais<\/span><\/b><span data-contrast=\"auto\">\u202f<\/span><span data-ccp-props=\"{&quot;134233117&quot;:false,&quot;134233118&quot;:false,&quot;201341983&quot;:0,&quot;335551550&quot;:6,&quot;335551620&quot;:6,&quot;335557856&quot;:16777215,&quot;335559738&quot;:0,&quot;335559739&quot;:150,&quot;335559740&quot;:360}\">\u00a0<\/span><\/p><p><span data-contrast=\"auto\">Se ap\u00f3s a leitura desta Pol\u00edtica voc\u00ea tiver quaisquer d\u00favidas ou quiser apresentar alguma solicita\u00e7\u00e3o relativa a seus dados pessoais, voc\u00ea pode entrar em contato com o Encarregado por meio deste contato:<\/span><span data-ccp-props=\"{&quot;134233117&quot;:false,&quot;134233118&quot;:false,&quot;201341983&quot;:0,&quot;335551550&quot;:6,&quot;335551620&quot;:6,&quot;335557856&quot;:16777215,&quot;335559738&quot;:0,&quot;335559739&quot;:150,&quot;335559740&quot;:360}\">\u00a0<\/span><\/p><p><b><span data-contrast=\"auto\">Encarregado da\u202fProte\u00e7\u00e3o de Dados:<\/span><\/b><span data-ccp-props=\"{&quot;134233117&quot;:false,&quot;134233118&quot;:false,&quot;201341983&quot;:0,&quot;335551550&quot;:6,&quot;335551620&quot;:6,&quot;335557856&quot;:16777215,&quot;335559738&quot;:0,&quot;335559739&quot;:150,&quot;335559740&quot;:360}\">\u00a0<\/span><\/p><p><span data-contrast=\"auto\">Aripuan\u00e3 de Barros<\/span><span data-ccp-props=\"{&quot;134233117&quot;:false,&quot;134233118&quot;:false,&quot;201341983&quot;:0,&quot;335551550&quot;:6,&quot;335551620&quot;:6,&quot;335557856&quot;:16777215,&quot;335559738&quot;:0,&quot;335559739&quot;:150,&quot;335559740&quot;:360}\">\u00a0<\/span><\/p><p><span data-contrast=\"auto\">Email:\u202f<\/span><a href=\"mailto:lgpd@paraty.rj.leg.br\"><span data-contrast=\"none\">lgpd@paraty.rj.leg.br<\/span><\/a><span data-ccp-props=\"{&quot;134233117&quot;:false,&quot;134233118&quot;:false,&quot;201341983&quot;:0,&quot;335551550&quot;:6,&quot;335551620&quot;:6,&quot;335557856&quot;:16777215,&quot;335559738&quot;:0,&quot;335559739&quot;:150,&quot;335559740&quot;:360}\">\u00a0<\/span><\/p><p><span data-contrast=\"auto\">Tel: (12) 99771940<\/span><span data-ccp-props=\"{&quot;134233117&quot;:false,&quot;134233118&quot;:false,&quot;201341983&quot;:0,&quot;335551550&quot;:6,&quot;335551620&quot;:6,&quot;335557856&quot;:16777215,&quot;335559738&quot;:0,&quot;335559739&quot;:150,&quot;335559740&quot;:360}\">\u00a0<\/span><\/p>\t\t\t\t\t\t\t\t<\/div>\n\t\t\t\t<\/div>\n\t\t\t\t<\/div>\n\t\t\t\t\t<\/div>\n\t\t\t\t<\/div>\n\t\t\t\t<\/div>\n\t\t","protected":false},"excerpt":{"rendered":"<p>Radar da Transpar\u00eancia portal da Transpar\u00eancia Ouvidoria Termos de Uso e Pol\u00edtica de Privacidade do Portal da C\u00e2mara de Paraty\u00a0 INFORMA\u00c7\u00d5ES GERAIS\u00a0\u00a0 Este \u201cTermo de Uso e Pol\u00edtica de Privacidade\u201d foi desenvolvido pela C\u00e2mara Municipal de Paraty para descrever as pr\u00e1ticas de privacidade pertinente \u00e0s informa\u00e7\u00f5es pessoais fornecidas e\/ou coletas, sempre baseadas nos compromissos com [&hellip;]<\/p>\n","protected":false},"author":1,"featured_media":0,"parent":0,"menu_order":0,"comment_status":"closed","ping_status":"open","template":"","meta":{"_monsterinsights_skip_tracking":false,"_monsterinsights_sitenote_active":false,"_monsterinsights_sitenote_note":"","_monsterinsights_sitenote_category":0,"footnotes":""},"class_list":["post-3","page","type-page","status-publish","hentry"],"_links":{"self":[{"href":"https:\/\/paraty.rj.leg.br\/site\/wp-json\/wp\/v2\/pages\/3","targetHints":{"allow":["GET"]}}],"collection":[{"href":"https:\/\/paraty.rj.leg.br\/site\/wp-json\/wp\/v2\/pages"}],"about":[{"href":"https:\/\/paraty.rj.leg.br\/site\/wp-json\/wp\/v2\/types\/page"}],"author":[{"embeddable":true,"href":"https:\/\/paraty.rj.leg.br\/site\/wp-json\/wp\/v2\/users\/1"}],"replies":[{"embeddable":true,"href":"https:\/\/paraty.rj.leg.br\/site\/wp-json\/wp\/v2\/comments?post=3"}],"version-history":[{"count":3,"href":"https:\/\/paraty.rj.leg.br\/site\/wp-json\/wp\/v2\/pages\/3\/revisions"}],"predecessor-version":[{"id":68368,"href":"https:\/\/paraty.rj.leg.br\/site\/wp-json\/wp\/v2\/pages\/3\/revisions\/68368"}],"wp:attachment":[{"href":"https:\/\/paraty.rj.leg.br\/site\/wp-json\/wp\/v2\/media?parent=3"}],"curies":[{"name":"wp","href":"https:\/\/api.w.org\/{rel}","templated":true}]}}