{"id":31938,"date":"2021-04-29T11:38:19","date_gmt":"2021-04-29T14:38:19","guid":{"rendered":"https:\/\/paraty.rj.leg.br\/site\/?page_id=31938"},"modified":"2025-07-28T05:52:34","modified_gmt":"2025-07-28T08:52:34","slug":"oficios","status":"publish","type":"page","link":"https:\/\/paraty.rj.leg.br\/site\/oficios\/","title":{"rendered":"Of\u00edcios"},"content":{"rendered":"<p>[vc_row css=&#8221;.vc_custom_1620784566152{border-top-width: 1px !important;padding-top: 0px !important;background-color: #f5f5f5 !important;border-top-color: #cccccc !important;border-radius: 5px !important;}&#8221;][vc_column][vc_message]Se preferir, <a href=\"https:\/\/paraty.rj.leg.br\/site\/oficios\/tabela\/\">clique aqui<\/a> para acessar o modo tabela de exibi\u00e7\u00e3o de of\u00edcios.[\/vc_message][vc_text_separator title=&#8221;Formul\u00e1rio de Pesquisa&#8221; i_icon_fontawesome=&#8221;fas fa-search&#8221; i_color=&#8221;black&#8221; title_align=&#8221;separator_align_left&#8221; color=&#8221;black&#8221; add_icon=&#8221;true&#8221; css=&#8221;.vc_custom_1620737201604{margin-top: 0px !important;padding-top: 0px !important;}&#8221;][vc_raw_html]JTNDZm9ybSUyMGFjdGlvbiUzRCUyMiUyRnNpdGUlMkZvZmljaW9zJTJGcGVzcXVpc2FyJTJGJTIyJTIwbWV0aG9kJTNEJTIyZ2V0JTIyJTIwY2xhc3MlM0QlMjJzZWFyY2hhbmRmaWx0ZXIlMjBjZW50ZXIlMjIlM0UlMEElMDklM0NkaXYlM0UlMEElMDklMDklMDklM0N1bCUzRSUwQSUwOSUwOSUwOSUwOSUzQ2xpJTNFJTBBJTA5JTA5JTA5JTA5JTA5QXNzdW50byUyMCUzQ2lucHV0JTIwdHlwZSUzRCUyMnRleHQlMjIlMjBuYW1lJTNEJTIydGV4dG8lMjIlMjBpZCUzRCUyMnRleHRvJTIyJTIwcGxhY2Vob2xkZXIlM0QlMjJQZXNxdWlzYXIlMjIlMjB2YWx1ZSUzRCUyMiUyMiUzRSUwQSUwOSUwOSUwOSUwOSUzQyUyRmxpJTNFJTBBJTA5JTA5JTA5JTA5JTNDbGklM0UlMEElMDklMDklMDklMDklMDklMjZuYnNwJTNCJTIwQW5vJTIwJTNDc2VsZWN0JTIwbmFtZSUzRCUyMmFubyUyMiUyMGlkJTNEJTIyYW5vJTIyJTIwY2xhc3MlM0QlMjJwb3N0Zm9ybSUyMiUzRSUwQSUwOSUwOSUwOSUwOSUwOSUwOSUzQ29wdGlvbiUyMHZhbHVlJTNEJTIyJTIyJTIwc2VsZWN0ZWQlM0QlMjJzZWxlY3RlZCUyMiUzRVRvZG9zJTNDJTJGb3B0aW9uJTNFJTBBJTA5JTA5JTA5JTA5JTA5JTA5JTVCcG9kcyUyMG5hbWUlM0QlMjJhbm8lMjIlMjBvcmRlcmJ5JTNEJTIybmFtZSUyMGRlc2MlMjIlMjBsaW1pdCUzRCUyMi0xJTIyJTVEJTBBJTA5JTA5JTA5JTA5JTA5JTA5JTNDb3B0aW9uJTIwY2xhc3MlM0QlMjJsZXZlbC0wJTIyJTIwdmFsdWUlM0QlMjIlN0IlNDBzbHVnJTdEJTIyJTNFJTdCJTQwbmFtZSU3RCUzQyUyRm9wdGlvbiUzRSUwQSUwOSUwOSUwOSUwOSUwOSUwOSU1QiUyRnBvZHMlNUQlMEElMDklMDklMDklMDklMDklM0MlMkZzZWxlY3QlM0UlMEElMDklMDklMDklMDklM0MlMkZsaSUzRSUwQSUwOSUwOSUwOSUwOSUzQ2xpJTNFJTBBJTA5JTA5JTA5JTA5JTA5JTI2bmJzcCUzQiUyMFRpcG8lMjAlM0NzZWxlY3QlMjBuYW1lJTNEJTIydGlwb19vZmljaW8lMjIlMjBpZCUzRCUyMnRpcG9fb2ZpY2lvJTIyJTIwY2xhc3MlM0QlMjJwb3N0Zm9ybSUyMiUzRSUwQSUwOSUwOSUwOSUwOSUwOSUwOSUzQ29wdGlvbiUyMHZhbHVlJTNEJTIyJTIyJTIwc2VsZWN0ZWQlM0QlMjJzZWxlY3RlZCUyMiUzRVRvZG9zJTNDJTJGb3B0aW9uJTNFJTBBJTA5JTA5JTA5JTA5JTA5JTA5JTVCcG9kcyUyMG5hbWUlM0QlMjJ0aXBvX29maWNpbyUyMiUyMG9yZGVyYnklM0QlMjJuYW1lJTIwZGVzYyUyMiUyMGxpbWl0JTNEJTIyLTElMjIlNUQlMEElMDklMDklMDklMDklMDklMDklMDklM0NvcHRpb24lMjBjbGFzcyUzRCUyMmxldmVsLTAlMjIlMjB2YWx1ZSUzRCUyMiU3QiU0MHNsdWclN0QlMjIlM0UlN0IlNDBuYW1lJTdEJTNDJTJGb3B0aW9uJTNFJTBBJTA5JTA5JTA5JTA5JTA5JTA5JTVCJTJGcG9kcyU1RCUwQSUwOSUwOSUwOSUwOSUwOSUzQyUyRnNlbGVjdCUzRSUwQSUwOSUwOSUwOSUwOSUzQyUyRmxpJTNFJTBBJTA5JTA5JTA5JTA5JTNDbGklM0UlMEElMDklMDklMDklMDklMDklMjZuYnNwJTNCJTIwSW5zdGl0dWklQzMlQTclQzMlQTNvJTIwJTNDc2VsZWN0JTIwbmFtZSUzRCUyMmluc3RpdHVpY2FvX29maWNpbyUyMiUyMGlkJTNEJTIyaW5zdGl0dWljYW9fb2ZpY2lvJTIyJTIwY2xhc3MlM0QlMjJwb3N0Zm9ybSUyMiUzRSUwQSUwOSUwOSUwOSUwOSUwOSUwOSUzQ29wdGlvbiUyMHZhbHVlJTNEJTIyJTIyJTIwc2VsZWN0ZWQlM0QlMjJzZWxlY3RlZCUyMiUzRVRvZGFzJTNDJTJGb3B0aW9uJTNFJTBBJTA5JTA5JTA5JTA5JTA5JTA5JTVCcG9kcyUyMG5hbWUlM0QlMjJpbnN0aXR1aWNhb19vZmljaW8lMjIlMjBvcmRlcmJ5JTNEJTIybmFtZSUyMGRlc2MlMjIlMjBsaW1pdCUzRCUyMi0xJTIyJTVEJTBBJTA5JTA5JTA5JTA5JTA5JTA5JTA5JTNDb3B0aW9uJTIwY2xhc3MlM0QlMjJsZXZlbC0wJTIyJTIwdmFsdWUlM0QlMjIlN0IlNDBzbHVnJTdEJTIyJTNFJTdCJTQwbmFtZSU3RCUzQyUyRm9wdGlvbiUzRSUwQSUwOSUwOSUwOSUwOSUwOSUwOSU1QiUyRnBvZHMlNUQlMEElMDklMDklMDklMDklMDklM0MlMkZzZWxlY3QlM0UlMEElMDklMDklMDklMDklM0MlMkZsaSUzRSUwQSUwOSUwOSUwOSUwOSUzQ2xpJTNFJTBBJTA5JTA5JTA5JTA5JTA5JTNDaW5wdXQlMjB0eXBlJTNEJTIyc3VibWl0JTIyJTIwdmFsdWUlM0QlMjJQZXNxdWlzYXIlMjIlM0UlMEElMDklMDklMDklMDklM0MlMkZsaSUzRSUwQSUwOSUwOSUzQyUyRnVsJTNFJTBBJTA5JTNDJTJGZGl2JTNFJTBBJTNDJTJGZm9ybSUzRQ==[\/vc_raw_html][\/vc_column][\/vc_row]<\/p>\n","protected":false},"excerpt":{"rendered":"<p>[vc_row css=&#8221;.vc_custom_1620784566152{border-top-width: 1px !important;padding-top: 0px !important;background-color: #f5f5f5 !important;border-top-color: #cccccc !important;border-radius: 5px !important;}&#8221;][vc_column][vc_message]Se preferir, clique aqui para acessar o modo tabela de exibi\u00e7\u00e3o de of\u00edcios.[\/vc_message][vc_text_separator title=&#8221;Formul\u00e1rio de Pesquisa&#8221; i_icon_fontawesome=&#8221;fas fa-search&#8221; i_color=&#8221;black&#8221; title_align=&#8221;separator_align_left&#8221; color=&#8221;black&#8221; add_icon=&#8221;true&#8221; css=&#8221;.vc_custom_1620737201604{margin-top: 0px !important;padding-top: 0px !important;}&#8221;][vc_raw_html]JTNDZm9ybSUyMGFjdGlvbiUzRCUyMiUyRnNpdGUlMkZvZmljaW9zJTJGcGVzcXVpc2FyJTJGJTIyJTIwbWV0aG9kJTNEJTIyZ2V0JTIyJTIwY2xhc3MlM0QlMjJzZWFyY2hhbmRmaWx0ZXIlMjBjZW50ZXIlMjIlM0UlMEElMDklM0NkaXYlM0UlMEElMDklMDklMDklM0N1bCUzRSUwQSUwOSUwOSUwOSUwOSUzQ2xpJTNFJTBBJTA5JTA5JTA5JTA5JTA5QXNzdW50byUyMCUzQ2lucHV0JTIwdHlwZSUzRCUyMnRleHQlMjIlMjBuYW1lJTNEJTIydGV4dG8lMjIlMjBpZCUzRCUyMnRleHRvJTIyJTIwcGxhY2Vob2xkZXIlM0QlMjJQZXNxdWlzYXIlMjIlMjB2YWx1ZSUzRCUyMiUyMiUzRSUwQSUwOSUwOSUwOSUwOSUzQyUyRmxpJTNFJTBBJTA5JTA5JTA5JTA5JTNDbGklM0UlMEElMDklMDklMDklMDklMDklMjZuYnNwJTNCJTIwQW5vJTIwJTNDc2VsZWN0JTIwbmFtZSUzRCUyMmFubyUyMiUyMGlkJTNEJTIyYW5vJTIyJTIwY2xhc3MlM0QlMjJwb3N0Zm9ybSUyMiUzRSUwQSUwOSUwOSUwOSUwOSUwOSUwOSUzQ29wdGlvbiUyMHZhbHVlJTNEJTIyJTIyJTIwc2VsZWN0ZWQlM0QlMjJzZWxlY3RlZCUyMiUzRVRvZG9zJTNDJTJGb3B0aW9uJTNFJTBBJTA5JTA5JTA5JTA5JTA5JTA5JTVCcG9kcyUyMG5hbWUlM0QlMjJhbm8lMjIlMjBvcmRlcmJ5JTNEJTIybmFtZSUyMGRlc2MlMjIlMjBsaW1pdCUzRCUyMi0xJTIyJTVEJTBBJTA5JTA5JTA5JTA5JTA5JTA5JTNDb3B0aW9uJTIwY2xhc3MlM0QlMjJsZXZlbC0wJTIyJTIwdmFsdWUlM0QlMjIlN0IlNDBzbHVnJTdEJTIyJTNFJTdCJTQwbmFtZSU3RCUzQyUyRm9wdGlvbiUzRSUwQSUwOSUwOSUwOSUwOSUwOSUwOSU1QiUyRnBvZHMlNUQlMEElMDklMDklMDklMDklMDklM0MlMkZzZWxlY3QlM0UlMEElMDklMDklMDklMDklM0MlMkZsaSUzRSUwQSUwOSUwOSUwOSUwOSUzQ2xpJTNFJTBBJTA5JTA5JTA5JTA5JTA5JTI2bmJzcCUzQiUyMFRpcG8lMjAlM0NzZWxlY3QlMjBuYW1lJTNEJTIydGlwb19vZmljaW8lMjIlMjBpZCUzRCUyMnRpcG9fb2ZpY2lvJTIyJTIwY2xhc3MlM0QlMjJwb3N0Zm9ybSUyMiUzRSUwQSUwOSUwOSUwOSUwOSUwOSUwOSUzQ29wdGlvbiUyMHZhbHVlJTNEJTIyJTIyJTIwc2VsZWN0ZWQlM0QlMjJzZWxlY3RlZCUyMiUzRVRvZG9zJTNDJTJGb3B0aW9uJTNFJTBBJTA5JTA5JTA5JTA5JTA5JTA5JTVCcG9kcyUyMG5hbWUlM0QlMjJ0aXBvX29maWNpbyUyMiUyMG9yZGVyYnklM0QlMjJuYW1lJTIwZGVzYyUyMiUyMGxpbWl0JTNEJTIyLTElMjIlNUQlMEElMDklMDklMDklMDklMDklMDklMDklM0NvcHRpb24lMjBjbGFzcyUzRCUyMmxldmVsLTAlMjIlMjB2YWx1ZSUzRCUyMiU3QiU0MHNsdWclN0QlMjIlM0UlN0IlNDBuYW1lJTdEJTNDJTJGb3B0aW9uJTNFJTBBJTA5JTA5JTA5JTA5JTA5JTA5JTVCJTJGcG9kcyU1RCUwQSUwOSUwOSUwOSUwOSUwOSUzQyUyRnNlbGVjdCUzRSUwQSUwOSUwOSUwOSUwOSUzQyUyRmxpJTNFJTBBJTA5JTA5JTA5JTA5JTNDbGklM0UlMEElMDklMDklMDklMDklMDklMjZuYnNwJTNCJTIwSW5zdGl0dWklQzMlQTclQzMlQTNvJTIwJTNDc2VsZWN0JTIwbmFtZSUzRCUyMmluc3RpdHVpY2FvX29maWNpbyUyMiUyMGlkJTNEJTIyaW5zdGl0dWljYW9fb2ZpY2lvJTIyJTIwY2xhc3MlM0QlMjJwb3N0Zm9ybSUyMiUzRSUwQSUwOSUwOSUwOSUwOSUwOSUwOSUzQ29wdGlvbiUyMHZhbHVlJTNEJTIyJTIyJTIwc2VsZWN0ZWQlM0QlMjJzZWxlY3RlZCUyMiUzRVRvZGFzJTNDJTJGb3B0aW9uJTNFJTBBJTA5JTA5JTA5JTA5JTA5JTA5JTVCcG9kcyUyMG5hbWUlM0QlMjJpbnN0aXR1aWNhb19vZmljaW8lMjIlMjBvcmRlcmJ5JTNEJTIybmFtZSUyMGRlc2MlMjIlMjBsaW1pdCUzRCUyMi0xJTIyJTVEJTBBJTA5JTA5JTA5JTA5JTA5JTA5JTA5JTNDb3B0aW9uJTIwY2xhc3MlM0QlMjJsZXZlbC0wJTIyJTIwdmFsdWUlM0QlMjIlN0IlNDBzbHVnJTdEJTIyJTNFJTdCJTQwbmFtZSU3RCUzQyUyRm9wdGlvbiUzRSUwQSUwOSUwOSUwOSUwOSUwOSUwOSU1QiUyRnBvZHMlNUQlMEElMDklMDklMDklMDklMDklM0MlMkZzZWxlY3QlM0UlMEElMDklMDklMDklMDklM0MlMkZsaSUzRSUwQSUwOSUwOSUwOSUwOSUzQ2xpJTNFJTBBJTA5JTA5JTA5JTA5JTA5JTNDaW5wdXQlMjB0eXBlJTNEJTIyc3VibWl0JTIyJTIwdmFsdWUlM0QlMjJQZXNxdWlzYXIlMjIlM0UlMEElMDklMDklMDklMDklM0MlMkZsaSUzRSUwQSUwOSUwOSUzQyUyRnVsJTNFJTBBJTA5JTNDJTJGZGl2JTNFJTBBJTNDJTJGZm9ybSUzRQ==[\/vc_raw_html][\/vc_column][\/vc_row]<\/p>\n","protected":false},"author":1,"featured_media":0,"parent":0,"menu_order":0,"comment_status":"closed","ping_status":"closed","template":"","meta":{"_monsterinsights_skip_tracking":false,"_monsterinsights_sitenote_active":false,"_monsterinsights_sitenote_note":"","_monsterinsights_sitenote_category":0,"footnotes":""},"class_list":["post-31938","page","type-page","status-publish","hentry"],"_links":{"self":[{"href":"https:\/\/paraty.rj.leg.br\/site\/wp-json\/wp\/v2\/pages\/31938","targetHints":{"allow":["GET"]}}],"collection":[{"href":"https:\/\/paraty.rj.leg.br\/site\/wp-json\/wp\/v2\/pages"}],"about":[{"href":"https:\/\/paraty.rj.leg.br\/site\/wp-json\/wp\/v2\/types\/page"}],"author":[{"embeddable":true,"href":"https:\/\/paraty.rj.leg.br\/site\/wp-json\/wp\/v2\/users\/1"}],"replies":[{"embeddable":true,"href":"https:\/\/paraty.rj.leg.br\/site\/wp-json\/wp\/v2\/comments?post=31938"}],"version-history":[{"count":16,"href":"https:\/\/paraty.rj.leg.br\/site\/wp-json\/wp\/v2\/pages\/31938\/revisions"}],"predecessor-version":[{"id":68329,"href":"https:\/\/paraty.rj.leg.br\/site\/wp-json\/wp\/v2\/pages\/31938\/revisions\/68329"}],"wp:attachment":[{"href":"https:\/\/paraty.rj.leg.br\/site\/wp-json\/wp\/v2\/media?parent=31938"}],"curies":[{"name":"wp","href":"https:\/\/api.w.org\/{rel}","templated":true}]}}