{"id":348,"date":"2021-03-07T17:21:16","date_gmt":"2021-03-07T20:21:16","guid":{"rendered":"https:\/\/paraty.rj.leg.br\/site\/?page_id=348"},"modified":"2025-07-11T13:38:37","modified_gmt":"2025-07-11T16:38:37","slug":"comissoes","status":"publish","type":"page","link":"https:\/\/paraty.rj.leg.br\/site\/comissoes\/","title":{"rendered":"Comiss\u00f5es"},"content":{"rendered":"\t\t<div data-elementor-type=\"wp-page\" data-elementor-id=\"348\" class=\"elementor elementor-348\" data-elementor-post-type=\"page\">\n\t\t\t\t<div class=\"elementor-element elementor-element-12eb5ba e-con-full e-flex e-con e-parent\" data-id=\"12eb5ba\" data-element_type=\"container\" data-e-type=\"container\" data-settings=\"{&quot;background_background&quot;:&quot;classic&quot;}\">\n\t\t<div class=\"elementor-element elementor-element-b5f75d1 e-con-full e-flex e-con e-child\" data-id=\"b5f75d1\" data-element_type=\"container\" data-e-type=\"container\" data-settings=\"{&quot;background_background&quot;:&quot;classic&quot;}\">\n\t\t\t\t<div class=\"elementor-element elementor-element-01272b4 elementor-widget elementor-widget-text-editor\" data-id=\"01272b4\" data-element_type=\"widget\" data-e-type=\"widget\" data-widget_type=\"text-editor.default\">\n\t\t\t\t<div class=\"elementor-widget-container\">\n\t\t\t\t\t\t\t\t\t<h3>Comiss\u00e3o de Agricultura, Com\u00e9rcio, Turismo e Transportes<\/h3><h2>\u00a0<\/h2><hr \/><p><b>\u00a0 Presidente<br \/><\/b>\u00a0 <span style=\"text-decoration: underline;\"><span style=\"color: #3366ff; text-decoration: underline;\">Ruan Marcelino<\/span><\/span><\/p><p><span style=\"color: #0000ff;\"><span style=\"color: #000000;\">\u00a0 <strong>Membros<\/strong><br \/><\/span><\/span><span style=\"color: #0000ff;\"><span style=\"color: #000000;\">\u00a0 \u00a0 &gt; <span style=\"text-decoration: underline;\"><span style=\"color: #3366ff; text-decoration: underline;\">Tunico Gama<\/span><\/span><br \/>\u00a0 \u00a0 &gt; <span style=\"text-decoration: underline;\"><span style=\"color: #3366ff; text-decoration: underline;\">Paulo S\u00e9rgio<\/span><\/span><\/span><\/span><\/p>\t\t\t\t\t\t\t\t<\/div>\n\t\t\t\t<\/div>\n\t\t\t\t<\/div>\n\t\t<div class=\"elementor-element elementor-element-7281548 e-con-full e-flex e-con e-child\" data-id=\"7281548\" data-element_type=\"container\" data-e-type=\"container\" data-settings=\"{&quot;background_background&quot;:&quot;classic&quot;}\">\n\t\t\t\t<div class=\"elementor-element elementor-element-8bc691e elementor-widget elementor-widget-text-editor\" data-id=\"8bc691e\" data-element_type=\"widget\" data-e-type=\"widget\" data-widget_type=\"text-editor.default\">\n\t\t\t\t<div class=\"elementor-widget-container\">\n\t\t\t\t\t\t\t\t\t<h3>Comiss\u00e3o de Defesa do Cidad\u00e3o e do Meio Ambiente<\/h3><h2>\u00a0<\/h2><hr \/><p><b>\u00a0 Presidente<br \/><\/b>\u00a0 <span style=\"text-decoration: underline;\"><span style=\"color: #3366ff; text-decoration: underline;\">Lucas Cordeiro<\/span><\/span><\/p><p><span style=\"color: #0000ff;\"><span style=\"color: #000000;\">\u00a0 <strong>Membros<\/strong><br \/><\/span><\/span><span style=\"color: #0000ff;\"><span style=\"color: #000000;\">\u00a0 \u00a0 &gt; <span style=\"text-decoration: underline;\"><span style=\"color: #3366ff; text-decoration: underline;\">Ruan Marcelino<\/span><\/span><br \/>\u00a0 \u00a0 &gt;\u00a0<span style=\"text-decoration: underline;\"><span style=\"color: #3366ff; text-decoration: underline;\">Ruan Ribeiro<\/span><\/span><\/span><\/span><\/p>\t\t\t\t\t\t\t\t<\/div>\n\t\t\t\t<\/div>\n\t\t\t\t<\/div>\n\t\t\t\t<\/div>\n\t\t<div class=\"elementor-element elementor-element-20d98d0 e-con-full e-flex e-con e-parent\" data-id=\"20d98d0\" data-element_type=\"container\" data-e-type=\"container\" data-settings=\"{&quot;background_background&quot;:&quot;classic&quot;}\">\n\t\t<div class=\"elementor-element elementor-element-0870c78 e-con-full e-flex e-con e-child\" data-id=\"0870c78\" data-element_type=\"container\" data-e-type=\"container\" data-settings=\"{&quot;background_background&quot;:&quot;classic&quot;}\">\n\t\t\t\t<div class=\"elementor-element elementor-element-645d549 elementor-widget elementor-widget-text-editor\" data-id=\"645d549\" data-element_type=\"widget\" data-e-type=\"widget\" data-widget_type=\"text-editor.default\">\n\t\t\t\t<div class=\"elementor-widget-container\">\n\t\t\t\t\t\t\t\t\t<h3>Comiss\u00e3o de Direitos Humanos e da Mulher<\/h3><h2>\u00a0<\/h2><hr \/><p><b>\u00a0 Presidente<br \/><\/b>\u00a0 <span style=\"text-decoration: underline;\"><span style=\"color: #3366ff; text-decoration: underline;\">Ney<\/span><\/span><\/p><p><span style=\"color: #0000ff;\"><span style=\"color: #000000;\">\u00a0 <strong>Membros<\/strong><br \/><\/span><\/span><span style=\"color: #0000ff;\"><span style=\"color: #000000;\">\u00a0 \u00a0 &gt;\u00a0 <span style=\"text-decoration: underline;\"><span style=\"color: #3366ff; text-decoration: underline;\">Lucas Cordeiro<\/span><\/span><br \/>\u00a0 \u00a0 &gt;\u00a0 <span style=\"text-decoration: underline;\"><span style=\"color: #3366ff; text-decoration: underline;\">Ruan Ribeiro<\/span><\/span><\/span><\/span><\/p>\t\t\t\t\t\t\t\t<\/div>\n\t\t\t\t<\/div>\n\t\t\t\t<\/div>\n\t\t<div class=\"elementor-element elementor-element-e9d35f0 e-con-full e-flex e-con e-child\" data-id=\"e9d35f0\" data-element_type=\"container\" data-e-type=\"container\" data-settings=\"{&quot;background_background&quot;:&quot;classic&quot;}\">\n\t\t\t\t<div class=\"elementor-element elementor-element-0c6e0d0 elementor-widget elementor-widget-text-editor\" data-id=\"0c6e0d0\" data-element_type=\"widget\" data-e-type=\"widget\" data-widget_type=\"text-editor.default\">\n\t\t\t\t<div class=\"elementor-widget-container\">\n\t\t\t\t\t\t\t\t\t<h3>Comiss\u00e3o de \u00c9tica\u00a0 \u00a0 \u00a0 \u00a0 \u00a0 \u00a0 \u00a0 \u00a0 \u00a0 \u00a0 \u00a0 \u00a0 \u00a0 \u00a0 \u00a0 \u00a0 \u00a0 \u00a0 \u00a0 \u00a0 \u00a0 \u00a0 \u00a0 \u00a0 \u00a0 \u00a0 \u00a0 \u00a0 \u00a0 \u00a0 \u00a0 \u00a0 \u00a0 \u00a0 \u00a0 \u00a0<\/h3><hr \/><p><b>\u00a0 Presidente<br \/><\/b>\u00a0 <span style=\"color: #0000ff;\"><span style=\"color: #000000;\"><span style=\"text-decoration: underline;\"><span style=\"color: #3366ff; text-decoration: underline;\">Lucas Cordeiro<\/span><\/span><\/span><\/span><\/p><p><span style=\"color: #0000ff;\"><span style=\"color: #000000;\">\u00a0 <strong>Membros<\/strong><br \/><\/span><\/span><span style=\"color: #0000ff;\"><span style=\"color: #000000;\">\u00a0 \u00a0 &gt;\u00a0 <span style=\"text-decoration: underline;\"><span style=\"color: #3366ff; text-decoration: underline;\">Tunico Gama<\/span><\/span><br \/>\u00a0 \u00a0 &gt;\u00a0 <span style=\"text-decoration: underline;\"><span style=\"color: #3366ff; text-decoration: underline;\">Santos Coquinho<\/span><\/span><\/span><\/span><\/p>\t\t\t\t\t\t\t\t<\/div>\n\t\t\t\t<\/div>\n\t\t\t\t<\/div>\n\t\t\t\t<\/div>\n\t\t<div class=\"elementor-element elementor-element-456dda0 e-con-full e-flex e-con e-parent\" data-id=\"456dda0\" data-element_type=\"container\" data-e-type=\"container\" data-settings=\"{&quot;background_background&quot;:&quot;classic&quot;}\">\n\t\t<div class=\"elementor-element elementor-element-94df84f e-con-full e-flex e-con e-child\" data-id=\"94df84f\" data-element_type=\"container\" data-e-type=\"container\" data-settings=\"{&quot;background_background&quot;:&quot;classic&quot;}\">\n\t\t\t\t<div class=\"elementor-element elementor-element-6832e37 elementor-widget elementor-widget-text-editor\" data-id=\"6832e37\" data-element_type=\"widget\" data-e-type=\"widget\" data-widget_type=\"text-editor.default\">\n\t\t\t\t<div class=\"elementor-widget-container\">\n\t\t\t\t\t\t\t\t\t<h4>Comiss\u00e3o de Finan\u00e7as, Fiscaliza\u00e7\u00e3o Financeira, Tomadas de Contas e Or\u00e7amento<\/h4><h2>\u00a0<\/h2><hr \/><p><b>\u00a0 Presidente<br \/><\/b>\u00a0 <span style=\"color: #0000ff;\"><span style=\"color: #000000;\"><span style=\"text-decoration: underline;\"><span style=\"color: #3366ff; text-decoration: underline;\">Ruan Ribeiro<\/span><\/span><\/span><\/span><\/p><p><span style=\"color: #0000ff;\"><span style=\"color: #000000;\">\u00a0 <strong>Membros<\/strong><br \/><\/span><\/span><span style=\"color: #0000ff;\"><span style=\"color: #000000;\">\u00a0 \u00a0 &gt;\u00a0 <span style=\"text-decoration: underline;\"><span style=\"color: #3366ff;\">Lucas Cordeiro<\/span><\/span><span style=\"color: #3366ff;\"><br \/>\u00a0 \u00a0 &gt; \u00a0<u>Ruan Marcelino<\/u><\/span><\/span><\/span><\/p>\t\t\t\t\t\t\t\t<\/div>\n\t\t\t\t<\/div>\n\t\t\t\t<\/div>\n\t\t<div class=\"elementor-element elementor-element-5afd8f4 e-con-full e-flex e-con e-child\" data-id=\"5afd8f4\" data-element_type=\"container\" data-e-type=\"container\" data-settings=\"{&quot;background_background&quot;:&quot;classic&quot;}\">\n\t\t\t\t<div class=\"elementor-element elementor-element-4f1c14f elementor-widget elementor-widget-text-editor\" data-id=\"4f1c14f\" data-element_type=\"widget\" data-e-type=\"widget\" data-widget_type=\"text-editor.default\">\n\t\t\t\t<div class=\"elementor-widget-container\">\n\t\t\t\t\t\t\t\t\t<h3>Comiss\u00e3o de Justi\u00e7a, Reda\u00e7\u00e3o, Obras e Servi\u00e7os P\u00fablicos\u00a0 \u00a0 \u00a0 \u00a0 \u00a0 \u00a0 \u00a0 \u00a0 \u00a0 \u00a0 \u00a0 \u00a0 \u00a0 \u00a0 \u00a0 \u00a0 \u00a0 \u00a0 \u00a0 \u00a0 \u00a0 \u00a0 \u00a0 \u00a0 \u00a0 \u00a0 \u00a0 \u00a0 \u00a0 \u00a0 \u00a0 \u00a0 \u00a0 \u00a0 \u00a0 \u00a0 \u00a0 \u00a0 \u00a0 \u00a0 \u00a0 \u00a0 \u00a0 \u00a0 \u00a0 \u00a0 \u00a0 \u00a0 \u00a0 \u00a0 \u00a0 \u00a0 \u00a0 \u00a0 \u00a0 \u00a0 \u00a0 \u00a0 \u00a0 \u00a0 \u00a0 \u00a0 \u00a0\u00a0<\/h3><hr \/><p><b>\u00a0 Presidente<br \/><\/b>\u00a0 <span style=\"color: #0000ff;\"><span style=\"color: #000000;\"><span style=\"text-decoration: underline;\"><span style=\"color: #3366ff; text-decoration: underline;\">Tunico Gama<\/span><\/span><\/span><\/span><\/p><p><span style=\"color: #0000ff;\"><span style=\"color: #000000;\">\u00a0 <strong>Membros<\/strong><br \/><\/span><\/span><span style=\"color: #0000ff;\"><span style=\"color: #000000;\">\u00a0 \u00a0 &gt;\u00a0 <span style=\"text-decoration: underline;\"><span style=\"color: #3366ff; text-decoration: underline;\">Ruan Marcelino<\/span><\/span><br \/>\u00a0 \u00a0 &gt;\u00a0 <span style=\"text-decoration: underline;\"><span style=\"color: #3366ff; text-decoration: underline;\">Santos Coquinho<\/span><\/span><\/span><\/span><\/p>\t\t\t\t\t\t\t\t<\/div>\n\t\t\t\t<\/div>\n\t\t\t\t<\/div>\n\t\t\t\t<\/div>\n\t\t<div class=\"elementor-element elementor-element-0207e61 e-con-full e-flex e-con e-parent\" data-id=\"0207e61\" data-element_type=\"container\" data-e-type=\"container\" data-settings=\"{&quot;background_background&quot;:&quot;classic&quot;}\">\n\t\t<div class=\"elementor-element elementor-element-513857a e-con-full e-flex e-con e-child\" data-id=\"513857a\" data-element_type=\"container\" data-e-type=\"container\" data-settings=\"{&quot;background_background&quot;:&quot;classic&quot;}\">\n\t\t\t\t<div class=\"elementor-element elementor-element-bf5f1fd elementor-widget elementor-widget-text-editor\" data-id=\"bf5f1fd\" data-element_type=\"widget\" data-e-type=\"widget\" data-widget_type=\"text-editor.default\">\n\t\t\t\t<div class=\"elementor-widget-container\">\n\t\t\t\t\t\t\t\t\t<h3>Comiss\u00e3o de Sa\u00fade, Educa\u00e7\u00e3o, Cultura e Assist\u00eancia Social<\/h3><h2>\u00a0<\/h2><hr \/><p><b>\u00a0 Presidente<br \/><\/b>\u00a0 <span style=\"color: #0000ff;\"><span style=\"color: #000000;\"><span style=\"text-decoration: underline;\"><span style=\"color: #3366ff;\">Santos Coquinho<\/span><\/span><\/span><\/span><\/p><p><span style=\"color: #0000ff;\"><span style=\"color: #000000;\">\u00a0 <strong>Membros<\/strong><br \/><\/span><\/span><span style=\"color: #0000ff;\"><span style=\"color: #000000;\">\u00a0 \u00a0 &gt;\u00a0 <span style=\"text-decoration: underline;\"><span style=\"color: #3366ff; text-decoration: underline;\">Ruan Ribeiro<\/span><\/span><br \/>\u00a0 \u00a0 &gt;\u00a0 <span style=\"text-decoration: underline;\"><span style=\"color: #3366ff; text-decoration: underline;\">Pic\u00f3<\/span><\/span><\/span><\/span><\/p>\t\t\t\t\t\t\t\t<\/div>\n\t\t\t\t<\/div>\n\t\t\t\t<\/div>\n\t\t<div class=\"elementor-element elementor-element-2d0c3d8 e-con-full e-flex e-con e-child\" data-id=\"2d0c3d8\" data-element_type=\"container\" data-e-type=\"container\" data-settings=\"{&quot;background_background&quot;:&quot;classic&quot;}\">\n\t\t\t\t<div class=\"elementor-element elementor-element-eab8f6f elementor-widget elementor-widget-text-editor\" data-id=\"eab8f6f\" data-element_type=\"widget\" data-e-type=\"widget\" data-widget_type=\"text-editor.default\">\n\t\t\t\t<div class=\"elementor-widget-container\">\n\t\t\t\t\t\t\t\t\t<h3 class=\"entry-title\">Comiss\u00e3o de Seguran\u00e7a P\u00fablica\u00a0 \u00a0 \u00a0 \u00a0 \u00a0 \u00a0 \u00a0<\/h3><h2>\u00a0<\/h2><p>\u00a0<\/p><hr \/><p><b>\u00a0 Presidente<br \/>\u00a0\u00a0<\/b><span style=\"text-decoration: underline;\"><span style=\"color: #3366ff; text-decoration: underline;\">Laion<\/span><\/span><\/p><p><span style=\"color: #0000ff;\"><span style=\"color: #000000;\">\u00a0 <strong>Membros<\/strong><br \/><\/span><\/span><span style=\"color: #0000ff;\"><span style=\"color: #000000;\">\u00a0 \u00a0 &gt;\u00a0 <span style=\"text-decoration: underline;\"><span style=\"color: #3366ff;\">Eric Porto<\/span><\/span><span style=\"color: #3366ff;\"><br \/>\u00a0 \u00a0 &gt;\u00a0 <u>Santos Coquinho<\/u><\/span><\/span><\/span><\/p>\t\t\t\t\t\t\t\t<\/div>\n\t\t\t\t<\/div>\n\t\t\t\t<\/div>\n\t\t\t\t<\/div>\n\t\t\t\t<\/div>\n\t\t","protected":false},"excerpt":{"rendered":"<p>Comiss\u00e3o de Agricultura, Com\u00e9rcio, Turismo e Transportes \u00a0 \u00a0 Presidente\u00a0 Ruan Marcelino \u00a0 Membros\u00a0 \u00a0 &gt; Tunico Gama\u00a0 \u00a0 &gt; Paulo S\u00e9rgio Comiss\u00e3o de Defesa do Cidad\u00e3o e do Meio Ambiente \u00a0 \u00a0 Presidente\u00a0 Lucas Cordeiro \u00a0 Membros\u00a0 \u00a0 &gt; Ruan Marcelino\u00a0 \u00a0 &gt;\u00a0Ruan Ribeiro Comiss\u00e3o de Direitos Humanos e da Mulher \u00a0 \u00a0 Presidente\u00a0 [&hellip;]<\/p>\n","protected":false},"author":1,"featured_media":0,"parent":0,"menu_order":0,"comment_status":"closed","ping_status":"closed","template":"","meta":{"_monsterinsights_skip_tracking":false,"_monsterinsights_sitenote_active":false,"_monsterinsights_sitenote_note":"","_monsterinsights_sitenote_category":0,"footnotes":""},"class_list":["post-348","page","type-page","status-publish","hentry"],"_links":{"self":[{"href":"https:\/\/paraty.rj.leg.br\/site\/wp-json\/wp\/v2\/pages\/348","targetHints":{"allow":["GET"]}}],"collection":[{"href":"https:\/\/paraty.rj.leg.br\/site\/wp-json\/wp\/v2\/pages"}],"about":[{"href":"https:\/\/paraty.rj.leg.br\/site\/wp-json\/wp\/v2\/types\/page"}],"author":[{"embeddable":true,"href":"https:\/\/paraty.rj.leg.br\/site\/wp-json\/wp\/v2\/users\/1"}],"replies":[{"embeddable":true,"href":"https:\/\/paraty.rj.leg.br\/site\/wp-json\/wp\/v2\/comments?post=348"}],"version-history":[{"count":11,"href":"https:\/\/paraty.rj.leg.br\/site\/wp-json\/wp\/v2\/pages\/348\/revisions"}],"predecessor-version":[{"id":63347,"href":"https:\/\/paraty.rj.leg.br\/site\/wp-json\/wp\/v2\/pages\/348\/revisions\/63347"}],"wp:attachment":[{"href":"https:\/\/paraty.rj.leg.br\/site\/wp-json\/wp\/v2\/media?parent=348"}],"curies":[{"name":"wp","href":"https:\/\/api.w.org\/{rel}","templated":true}]}}