{"id":68484,"date":"2025-08-05T09:56:42","date_gmt":"2025-08-05T12:56:42","guid":{"rendered":"https:\/\/paraty.rj.leg.br\/site\/?page_id=68484"},"modified":"2025-08-05T10:46:51","modified_gmt":"2025-08-05T13:46:51","slug":"links-importantes","status":"publish","type":"page","link":"https:\/\/paraty.rj.leg.br\/site\/links-importantes\/","title":{"rendered":"Links importantes"},"content":{"rendered":"\t\t<div data-elementor-type=\"wp-page\" data-elementor-id=\"68484\" class=\"elementor elementor-68484\" data-elementor-post-type=\"page\">\n\t\t\t\t<div class=\"elementor-element elementor-element-0e4c024 e-flex e-con-boxed e-con e-parent\" data-id=\"0e4c024\" data-element_type=\"container\" data-e-type=\"container\">\n\t\t\t\t\t<div class=\"e-con-inner\">\n\t\t<div class=\"elementor-element elementor-element-fbe93fe e-con-full e-flex e-con e-child\" data-id=\"fbe93fe\" data-element_type=\"container\" data-e-type=\"container\" data-settings=\"{&quot;background_background&quot;:&quot;classic&quot;}\">\n\t\t<div class=\"elementor-element elementor-element-1329655 e-con-full e-flex e-con e-child\" data-id=\"1329655\" data-element_type=\"container\" data-e-type=\"container\">\n\t\t\t\t<div class=\"elementor-element elementor-element-9264e14 elementor-widget elementor-widget-image\" data-id=\"9264e14\" data-element_type=\"widget\" data-e-type=\"widget\" data-widget_type=\"image.default\">\n\t\t\t\t<div class=\"elementor-widget-container\">\n\t\t\t\t\t\t\t\t\t\t\t\t\t\t\t\t<a href=\"https:\/\/www.paraty.rj.gov.br\/\">\n\t\t\t\t\t\t\t<img decoding=\"async\" src=\"https:\/\/paraty.rj.leg.br\/site\/wp-content\/uploads\/2025\/08\/logo_paraty.png\" title=\"logo_paraty\" alt=\"logo_paraty\" loading=\"lazy\" \/>\t\t\t\t\t\t\t\t<\/a>\n\t\t\t\t\t\t\t\t\t\t\t\t\t\t\t<\/div>\n\t\t\t\t<\/div>\n\t\t\t\t<div class=\"elementor-element elementor-element-640dc46 elementor-widget elementor-widget-heading\" data-id=\"640dc46\" data-element_type=\"widget\" data-e-type=\"widget\" data-widget_type=\"heading.default\">\n\t\t\t\t<div class=\"elementor-widget-container\">\n\t\t\t\t\t<h3 class=\"elementor-heading-title elementor-size-default\"><a href=\"https:\/\/www.paraty.rj.gov.br\/\">Prefeitura Municipal de Paraty<\/a><\/h3>\t\t\t\t<\/div>\n\t\t\t\t<\/div>\n\t\t<div class=\"elementor-element elementor-element-045e40e e-con-full e-flex e-con e-child\" data-id=\"045e40e\" data-element_type=\"container\" data-e-type=\"container\">\n\t\t\t\t<div class=\"elementor-element elementor-element-fb66a33 elementor-align-center elementor-widget elementor-widget-button\" data-id=\"fb66a33\" data-element_type=\"widget\" data-e-type=\"widget\" data-widget_type=\"button.default\">\n\t\t\t\t<div class=\"elementor-widget-container\">\n\t\t\t\t\t\t\t\t\t<div class=\"elementor-button-wrapper\">\n\t\t\t\t\t<a class=\"elementor-button elementor-button-link elementor-size-sm\" href=\"https:\/\/www.paraty.rj.gov.br\/\">\n\t\t\t\t\t\t<span class=\"elementor-button-content-wrapper\">\n\t\t\t\t\t\t\t\t\t<span class=\"elementor-button-text\">Acesse aqui<\/span>\n\t\t\t\t\t<\/span>\n\t\t\t\t\t<\/a>\n\t\t\t\t<\/div>\n\t\t\t\t\t\t\t\t<\/div>\n\t\t\t\t<\/div>\n\t\t\t\t<\/div>\n\t\t\t\t<\/div>\n\t\t\t\t<\/div>\n\t\t<div class=\"elementor-element elementor-element-5131595 e-con-full e-flex e-con e-child\" data-id=\"5131595\" data-element_type=\"container\" data-e-type=\"container\" data-settings=\"{&quot;background_background&quot;:&quot;classic&quot;}\">\n\t\t<div class=\"elementor-element elementor-element-791136b e-con-full e-flex e-con e-child\" data-id=\"791136b\" data-element_type=\"container\" data-e-type=\"container\">\n\t\t\t\t<div class=\"elementor-element elementor-element-5f27cf9 elementor-widget elementor-widget-image\" data-id=\"5f27cf9\" data-element_type=\"widget\" data-e-type=\"widget\" data-widget_type=\"image.default\">\n\t\t\t\t<div class=\"elementor-widget-container\">\n\t\t\t\t\t\t\t\t\t\t\t\t\t\t\t\t<a href=\"https:\/\/radardatransparencia.atricon.org.br\/\">\n\t\t\t\t\t\t\t<img decoding=\"async\" src=\"https:\/\/paraty.rj.leg.br\/site\/wp-content\/uploads\/elementor\/thumbs\/icone_radar-r9t9u8g0n2giw4pqg1lv5c63tim0ul9fq7zmayi1v8.png\" title=\"icone_radar\" alt=\"icone_radar\" loading=\"lazy\" \/>\t\t\t\t\t\t\t\t<\/a>\n\t\t\t\t\t\t\t\t\t\t\t\t\t\t\t<\/div>\n\t\t\t\t<\/div>\n\t\t\t\t<div class=\"elementor-element elementor-element-d3f1edb elementor-widget elementor-widget-heading\" data-id=\"d3f1edb\" data-element_type=\"widget\" data-e-type=\"widget\" data-widget_type=\"heading.default\">\n\t\t\t\t<div class=\"elementor-widget-container\">\n\t\t\t\t\t<h3 class=\"elementor-heading-title elementor-size-default\"><a href=\"https:\/\/radardatransparencia.atricon.org.br\/\">Programa Nacional de Transpar\u00eancia P\u00fablica<\/a><\/h3>\t\t\t\t<\/div>\n\t\t\t\t<\/div>\n\t\t<div class=\"elementor-element elementor-element-09c5034 e-con-full e-flex e-con e-child\" data-id=\"09c5034\" data-element_type=\"container\" data-e-type=\"container\">\n\t\t\t\t<div class=\"elementor-element elementor-element-fc8e484 elementor-align-center elementor-widget elementor-widget-button\" data-id=\"fc8e484\" data-element_type=\"widget\" data-e-type=\"widget\" data-widget_type=\"button.default\">\n\t\t\t\t<div class=\"elementor-widget-container\">\n\t\t\t\t\t\t\t\t\t<div class=\"elementor-button-wrapper\">\n\t\t\t\t\t<a class=\"elementor-button elementor-button-link elementor-size-sm\" href=\"https:\/\/radardatransparencia.atricon.org.br\/\">\n\t\t\t\t\t\t<span class=\"elementor-button-content-wrapper\">\n\t\t\t\t\t\t\t\t\t<span class=\"elementor-button-text\">Acesse aqui<\/span>\n\t\t\t\t\t<\/span>\n\t\t\t\t\t<\/a>\n\t\t\t\t<\/div>\n\t\t\t\t\t\t\t\t<\/div>\n\t\t\t\t<\/div>\n\t\t\t\t<\/div>\n\t\t\t\t<\/div>\n\t\t\t\t<\/div>\n\t\t<div class=\"elementor-element elementor-element-d5b1c4f e-con-full e-flex e-con e-child\" data-id=\"d5b1c4f\" data-element_type=\"container\" data-e-type=\"container\" data-settings=\"{&quot;background_background&quot;:&quot;classic&quot;}\">\n\t\t<div class=\"elementor-element elementor-element-f7698a9 e-con-full e-flex e-con e-child\" data-id=\"f7698a9\" data-element_type=\"container\" data-e-type=\"container\">\n\t\t\t\t<div class=\"elementor-element elementor-element-366805e elementor-widget elementor-widget-image\" data-id=\"366805e\" data-element_type=\"widget\" data-e-type=\"widget\" data-widget_type=\"image.default\">\n\t\t\t\t<div class=\"elementor-widget-container\">\n\t\t\t\t\t\t\t\t\t\t\t\t\t\t\t\t<a href=\"https:\/\/portal.tcu.gov.br\/\">\n\t\t\t\t\t\t\t<img decoding=\"async\" src=\"https:\/\/paraty.rj.leg.br\/site\/wp-content\/uploads\/2025\/08\/TCU.png\" title=\"TCU\" alt=\"TCU\" loading=\"lazy\" \/>\t\t\t\t\t\t\t\t<\/a>\n\t\t\t\t\t\t\t\t\t\t\t\t\t\t\t<\/div>\n\t\t\t\t<\/div>\n\t\t\t\t<div class=\"elementor-element elementor-element-dfd0708 elementor-widget elementor-widget-heading\" data-id=\"dfd0708\" data-element_type=\"widget\" data-e-type=\"widget\" data-widget_type=\"heading.default\">\n\t\t\t\t<div class=\"elementor-widget-container\">\n\t\t\t\t\t<h3 class=\"elementor-heading-title elementor-size-default\"><a href=\"https:\/\/portal.tcu.gov.br\/\">Tribunal de Contas da Uni\u00e3o<\/a><\/h3>\t\t\t\t<\/div>\n\t\t\t\t<\/div>\n\t\t<div class=\"elementor-element elementor-element-7fdfdaa e-con-full e-flex e-con e-child\" data-id=\"7fdfdaa\" data-element_type=\"container\" data-e-type=\"container\">\n\t\t\t\t<div class=\"elementor-element elementor-element-8298e24 elementor-align-center elementor-widget elementor-widget-button\" data-id=\"8298e24\" data-element_type=\"widget\" data-e-type=\"widget\" data-widget_type=\"button.default\">\n\t\t\t\t<div class=\"elementor-widget-container\">\n\t\t\t\t\t\t\t\t\t<div class=\"elementor-button-wrapper\">\n\t\t\t\t\t<a class=\"elementor-button elementor-button-link elementor-size-sm\" href=\"https:\/\/portal.tcu.gov.br\/\">\n\t\t\t\t\t\t<span class=\"elementor-button-content-wrapper\">\n\t\t\t\t\t\t\t\t\t<span class=\"elementor-button-text\">Acesse aqui<\/span>\n\t\t\t\t\t<\/span>\n\t\t\t\t\t<\/a>\n\t\t\t\t<\/div>\n\t\t\t\t\t\t\t\t<\/div>\n\t\t\t\t<\/div>\n\t\t\t\t<\/div>\n\t\t\t\t<\/div>\n\t\t\t\t<\/div>\n\t\t\t\t\t<\/div>\n\t\t\t\t<\/div>\n\t\t<div class=\"elementor-element elementor-element-194a63f e-flex e-con-boxed e-con e-parent\" data-id=\"194a63f\" data-element_type=\"container\" data-e-type=\"container\">\n\t\t\t\t\t<div class=\"e-con-inner\">\n\t\t<div class=\"elementor-element elementor-element-1f11a0d e-con-full e-flex e-con e-child\" data-id=\"1f11a0d\" data-element_type=\"container\" data-e-type=\"container\" data-settings=\"{&quot;background_background&quot;:&quot;classic&quot;}\">\n\t\t<div class=\"elementor-element elementor-element-ed04583 e-con-full e-flex e-con e-child\" data-id=\"ed04583\" data-element_type=\"container\" data-e-type=\"container\">\n\t\t\t\t<div class=\"elementor-element elementor-element-606aca6 elementor-widget elementor-widget-image\" data-id=\"606aca6\" data-element_type=\"widget\" data-e-type=\"widget\" data-widget_type=\"image.default\">\n\t\t\t\t<div class=\"elementor-widget-container\">\n\t\t\t\t\t\t\t\t\t\t\t\t\t\t\t\t<a href=\"https:\/\/www.tcerj.tc.br\/portalnovo\/\">\n\t\t\t\t\t\t\t<img decoding=\"async\" src=\"https:\/\/paraty.rj.leg.br\/site\/wp-content\/uploads\/elementor\/thumbs\/logo-horizontal-colorida-para_fundo_branco@3x-r9ta2xgacfvivtm509dupd4y0dlhdwv80mildd5cf4.png\" title=\"logo-horizontal-colorida-para_fundo_branco@3x\" alt=\"logo-horizontal-colorida-para_fundo_branco@3x\" loading=\"lazy\" \/>\t\t\t\t\t\t\t\t<\/a>\n\t\t\t\t\t\t\t\t\t\t\t\t\t\t\t<\/div>\n\t\t\t\t<\/div>\n\t\t\t\t<div class=\"elementor-element elementor-element-5e09ccb elementor-widget elementor-widget-heading\" data-id=\"5e09ccb\" data-element_type=\"widget\" data-e-type=\"widget\" data-widget_type=\"heading.default\">\n\t\t\t\t<div class=\"elementor-widget-container\">\n\t\t\t\t\t<h3 class=\"elementor-heading-title elementor-size-default\"><a href=\"https:\/\/www.tcerj.tc.br\/portalnovo\/\">Tribunal de Contas do Rio de Janeiro<\/a><\/h3>\t\t\t\t<\/div>\n\t\t\t\t<\/div>\n\t\t<div class=\"elementor-element elementor-element-2b29a53 e-con-full e-flex e-con e-child\" data-id=\"2b29a53\" data-element_type=\"container\" data-e-type=\"container\">\n\t\t\t\t<div class=\"elementor-element elementor-element-dc04b15 elementor-align-center elementor-widget elementor-widget-button\" data-id=\"dc04b15\" data-element_type=\"widget\" data-e-type=\"widget\" data-widget_type=\"button.default\">\n\t\t\t\t<div class=\"elementor-widget-container\">\n\t\t\t\t\t\t\t\t\t<div class=\"elementor-button-wrapper\">\n\t\t\t\t\t<a class=\"elementor-button elementor-button-link elementor-size-sm\" href=\"https:\/\/www.tcerj.tc.br\/portalnovo\/\">\n\t\t\t\t\t\t<span class=\"elementor-button-content-wrapper\">\n\t\t\t\t\t\t\t\t\t<span class=\"elementor-button-text\">Acesse aqui<\/span>\n\t\t\t\t\t<\/span>\n\t\t\t\t\t<\/a>\n\t\t\t\t<\/div>\n\t\t\t\t\t\t\t\t<\/div>\n\t\t\t\t<\/div>\n\t\t\t\t<\/div>\n\t\t\t\t<\/div>\n\t\t\t\t<\/div>\n\t\t\t\t\t<\/div>\n\t\t\t\t<\/div>\n\t\t<div class=\"elementor-element elementor-element-2b80e7b e-flex e-con-boxed e-con e-parent\" data-id=\"2b80e7b\" data-element_type=\"container\" data-e-type=\"container\">\n\t\t\t\t\t<div class=\"e-con-inner\">\n\t\t\t\t\t<\/div>\n\t\t\t\t<\/div>\n\t\t<div class=\"elementor-element elementor-element-1a63c66 e-flex e-con-boxed e-con e-parent\" data-id=\"1a63c66\" data-element_type=\"container\" data-e-type=\"container\">\n\t\t\t\t\t<div class=\"e-con-inner\">\n\t\t\t\t\t<\/div>\n\t\t\t\t<\/div>\n\t\t\t\t<\/div>\n\t\t","protected":false},"excerpt":{"rendered":"<p>Prefeitura Municipal de Paraty Acesse aqui Programa Nacional de Transpar\u00eancia P\u00fablica Acesse aqui Tribunal de Contas da Uni\u00e3o Acesse aqui Tribunal de Contas do Rio de Janeiro Acesse aqui<\/p>\n","protected":false},"author":1,"featured_media":0,"parent":0,"menu_order":0,"comment_status":"closed","ping_status":"closed","template":"","meta":{"_monsterinsights_skip_tracking":false,"_monsterinsights_sitenote_active":false,"_monsterinsights_sitenote_note":"","_monsterinsights_sitenote_category":0,"footnotes":""},"class_list":["post-68484","page","type-page","status-publish","hentry"],"_links":{"self":[{"href":"https:\/\/paraty.rj.leg.br\/site\/wp-json\/wp\/v2\/pages\/68484","targetHints":{"allow":["GET"]}}],"collection":[{"href":"https:\/\/paraty.rj.leg.br\/site\/wp-json\/wp\/v2\/pages"}],"about":[{"href":"https:\/\/paraty.rj.leg.br\/site\/wp-json\/wp\/v2\/types\/page"}],"author":[{"embeddable":true,"href":"https:\/\/paraty.rj.leg.br\/site\/wp-json\/wp\/v2\/users\/1"}],"replies":[{"embeddable":true,"href":"https:\/\/paraty.rj.leg.br\/site\/wp-json\/wp\/v2\/comments?post=68484"}],"version-history":[{"count":16,"href":"https:\/\/paraty.rj.leg.br\/site\/wp-json\/wp\/v2\/pages\/68484\/revisions"}],"predecessor-version":[{"id":68511,"href":"https:\/\/paraty.rj.leg.br\/site\/wp-json\/wp\/v2\/pages\/68484\/revisions\/68511"}],"wp:attachment":[{"href":"https:\/\/paraty.rj.leg.br\/site\/wp-json\/wp\/v2\/media?parent=68484"}],"curies":[{"name":"wp","href":"https:\/\/api.w.org\/{rel}","templated":true}]}}