{"id":68519,"date":"2025-08-05T11:07:03","date_gmt":"2025-08-05T14:07:03","guid":{"rendered":"https:\/\/paraty.rj.leg.br\/site\/?page_id=68519"},"modified":"2025-08-05T11:07:03","modified_gmt":"2025-08-05T14:07:03","slug":"lgpd","status":"publish","type":"page","link":"https:\/\/paraty.rj.leg.br\/site\/lgpd\/","title":{"rendered":"LGPD"},"content":{"rendered":"<p>Lei Geral de Prote\u00e7\u00e3o de Dados Pessoais (LGPD).<br \/>\nhttps:\/\/www.planalto.gov.br\/ccivil_03\/_ato2015-2018\/2018\/lei\/l13709.htm<\/p>\n<p>D\u00favidas sobre a Pol\u00edtica ou sobre Seus Dados Pessoais<br \/>\nSe ap\u00f3s a leitura desta Pol\u00edtica voc\u00ea tiver quaisquer d\u00favidas ou quiser apresentar alguma solicita\u00e7\u00e3o relativa a seus dados pessoais, voc\u00ea pode entrar em contato com o Encarregado por meio deste contato:<\/p>\n<p>Encarregado da\u202fProte\u00e7\u00e3o de Dados:<\/p>\n<p>Aripuan\u00e3 de Barros<\/p>\n<p>Email:\u202flgpd@paraty.rj.leg.br<\/p>\n<p>Tel: (12) 99771940<\/p>\n","protected":false},"excerpt":{"rendered":"<p>Lei Geral de Prote\u00e7\u00e3o de Dados Pessoais (LGPD). https:\/\/www.planalto.gov.br\/ccivil_03\/_ato2015-2018\/2018\/lei\/l13709.htm D\u00favidas sobre a Pol\u00edtica ou sobre Seus Dados Pessoais Se ap\u00f3s a leitura desta Pol\u00edtica voc\u00ea tiver quaisquer d\u00favidas ou quiser apresentar alguma solicita\u00e7\u00e3o relativa a seus dados pessoais, voc\u00ea pode entrar em contato com o Encarregado por meio deste contato: Encarregado da\u202fProte\u00e7\u00e3o de Dados: Aripuan\u00e3 [&hellip;]<\/p>\n","protected":false},"author":1,"featured_media":0,"parent":0,"menu_order":0,"comment_status":"closed","ping_status":"closed","template":"","meta":{"_monsterinsights_skip_tracking":false,"_monsterinsights_sitenote_active":false,"_monsterinsights_sitenote_note":"","_monsterinsights_sitenote_category":0,"footnotes":""},"class_list":["post-68519","page","type-page","status-publish","hentry"],"_links":{"self":[{"href":"https:\/\/paraty.rj.leg.br\/site\/wp-json\/wp\/v2\/pages\/68519","targetHints":{"allow":["GET"]}}],"collection":[{"href":"https:\/\/paraty.rj.leg.br\/site\/wp-json\/wp\/v2\/pages"}],"about":[{"href":"https:\/\/paraty.rj.leg.br\/site\/wp-json\/wp\/v2\/types\/page"}],"author":[{"embeddable":true,"href":"https:\/\/paraty.rj.leg.br\/site\/wp-json\/wp\/v2\/users\/1"}],"replies":[{"embeddable":true,"href":"https:\/\/paraty.rj.leg.br\/site\/wp-json\/wp\/v2\/comments?post=68519"}],"version-history":[{"count":1,"href":"https:\/\/paraty.rj.leg.br\/site\/wp-json\/wp\/v2\/pages\/68519\/revisions"}],"predecessor-version":[{"id":68520,"href":"https:\/\/paraty.rj.leg.br\/site\/wp-json\/wp\/v2\/pages\/68519\/revisions\/68520"}],"wp:attachment":[{"href":"https:\/\/paraty.rj.leg.br\/site\/wp-json\/wp\/v2\/media?parent=68519"}],"curies":[{"name":"wp","href":"https:\/\/api.w.org\/{rel}","templated":true}]}}